{"id":5226,"date":"2021-04-16T13:40:42","date_gmt":"2021-04-16T10:40:42","guid":{"rendered":"https:\/\/www.lappia.fi\/?page_id=5226"},"modified":"2021-04-16T13:40:42","modified_gmt":"2021-04-16T10:40:42","slug":"utbildningsomraden","status":"publish","type":"page","link":"https:\/\/www.lappia.fi\/sv\/utbildningsomraden\/","title":{"rendered":"Utbildningsomr\u00e5den"},"content":{"rendered":"","protected":false},"excerpt":{"rendered":"<p> [&#8230;]<\/p>\n<p><a class=\"btn btn-secondary understrap-read-more-link\" href=\"https:\/\/www.lappia.fi\/sv\/utbildningsomraden\/\">L\u00e4s mer \u2026<span class=\"screen-reader-text\"> from Utbildningsomr\u00e5den<\/span><\/a><\/p>\n","protected":false},"author":3,"featured_media":2495,"parent":0,"menu_order":0,"comment_status":"closed","ping_status":"closed","template":"page-templates\/area-of-education.php","meta":{"_acf_changed":false,"footnotes":""},"ppma_author":[],"class_list":["post-5226","page","type-page","status-publish","has-post-thumbnail","hentry"],"acf":{"sisalto":[{"acf_fc_layout":"yksi_palsta","taysilevea":false,"sisalto":"<h2>Det finns \u00f6ver 30 utbildningsomr\u00e5der som du kan v\u00e4lja i Lappia<\/h2>\n<ul>\n<li>Bil och fordon<\/li>\n<li>Djurv\u00e5rd<\/li>\n<li>Livsmedelsindustrin<\/li>\n<li>H\u00e5r- och sk\u00f6nhetsv\u00e5rd<\/li>\n<li>Ledarskapsutbildning<\/li>\n<li>Gruvdrift<\/li>\n<li>Fiskerihush\u00e5llning<\/li>\n<li>Maskin- och produktionsteknik<\/li>\n<li>Visuellt uttryck<\/li>\n<li>Laboratorieomr\u00e5de<\/li>\n<li>Aff\u00e4rsomr\u00e5de<\/li>\n<li>Logistik<\/li>\n<li>Naturomr\u00e5de<\/li>\n<li>Jordbruk<\/li>\n<li>Turism<\/li>\n<li>Medieindustrin<\/li>\n<li>Skogsomr\u00e5de<\/li>\n<li>Musik<\/li>\n<li>Ytbehandling<\/li>\n<li>Processindustri<\/li>\n<li>Renh\u00e5llning och fastighetsservice<\/li>\n<li>Tr\u00e4dg\u00e5rd<\/li>\n<li>Tr\u00e4industri<\/li>\n<li>Byggbransch<\/li>\n<li>Restaurang och catering<\/li>\n<li>El- och automationsindustri<\/li>\n<li>Social- och h\u00e4lsov\u00e5rd<\/li>\n<li>Design<\/li>\n<li>Husteknik<\/li>\n<li>Textil- och modebransch<\/li>\n<li>IKT<\/li>\n<li>S\u00e4kerhetsbransch<\/li>\n<li>F\u00f6rberedande utbildning<\/li>\n<\/ul>\n"}]},"yoast_head":"<!-- This site is optimized with the Yoast SEO plugin v27.5 - https:\/\/yoast.com\/product\/yoast-seo-wordpress\/ -->\n<title>Utbildningsomr\u00e5den - lappia.fi<\/title>\n<meta name=\"robots\" content=\"index, follow, max-snippet:-1, max-image-preview:large, max-video-preview:-1\" \/>\n<link rel=\"canonical\" href=\"https:\/\/www.lappia.fi\/sv\/utbildningsomraden\/\" \/>\n<meta property=\"og:locale\" content=\"sv_SE\" \/>\n<meta property=\"og:type\" content=\"article\" \/>\n<meta property=\"og:title\" content=\"Utbildningsomr\u00e5den - lappia.fi\" \/>\n<meta property=\"og:description\" content=\"[...]L\u00e4s mer \u2026 from Utbildningsomr\u00e5den\" \/>\n<meta property=\"og:url\" content=\"https:\/\/www.lappia.fi\/sv\/utbildningsomraden\/\" \/>\n<meta property=\"og:site_name\" content=\"lappia.fi\" \/>\n<meta property=\"og:image\" content=\"https:\/\/www.lappia.fi\/wp-content\/uploads\/2021\/01\/k19155105-scaled-1.jpg\" \/>\n\t<meta property=\"og:image:width\" content=\"2560\" \/>\n\t<meta property=\"og:image:height\" content=\"1707\" \/>\n\t<meta property=\"og:image:type\" content=\"image\/jpeg\" \/>\n<meta name=\"twitter:card\" content=\"summary_large_image\" \/>\n<script type=\"application\/ld+json\" class=\"yoast-schema-graph\">{\"@context\":\"https:\\\/\\\/schema.org\",\"@graph\":[{\"@type\":\"WebPage\",\"@id\":\"https:\\\/\\\/www.lappia.fi\\\/sv\\\/utbildningsomraden\\\/\",\"url\":\"https:\\\/\\\/www.lappia.fi\\\/sv\\\/utbildningsomraden\\\/\",\"name\":\"Utbildningsomr\u00e5den - lappia.fi\",\"isPartOf\":{\"@id\":\"https:\\\/\\\/www.lappia.fi\\\/#website\"},\"primaryImageOfPage\":{\"@id\":\"https:\\\/\\\/www.lappia.fi\\\/sv\\\/utbildningsomraden\\\/#primaryimage\"},\"image\":{\"@id\":\"https:\\\/\\\/www.lappia.fi\\\/sv\\\/utbildningsomraden\\\/#primaryimage\"},\"thumbnailUrl\":\"https:\\\/\\\/www.lappia.fi\\\/wp-content\\\/uploads\\\/2021\\\/01\\\/k19155105-scaled-1.jpg\",\"datePublished\":\"2021-04-16T10:40:42+00:00\",\"breadcrumb\":{\"@id\":\"https:\\\/\\\/www.lappia.fi\\\/sv\\\/utbildningsomraden\\\/#breadcrumb\"},\"inLanguage\":\"sv-SE\",\"potentialAction\":[{\"@type\":\"ReadAction\",\"target\":[\"https:\\\/\\\/www.lappia.fi\\\/sv\\\/utbildningsomraden\\\/\"]}]},{\"@type\":\"ImageObject\",\"inLanguage\":\"sv-SE\",\"@id\":\"https:\\\/\\\/www.lappia.fi\\\/sv\\\/utbildningsomraden\\\/#primaryimage\",\"url\":\"https:\\\/\\\/www.lappia.fi\\\/wp-content\\\/uploads\\\/2021\\\/01\\\/k19155105-scaled-1.jpg\",\"contentUrl\":\"https:\\\/\\\/www.lappia.fi\\\/wp-content\\\/uploads\\\/2021\\\/01\\\/k19155105-scaled-1.jpg\",\"width\":2560,\"height\":1707,\"caption\":\"ryhm\u00e4 nuoria opiskelijoita\"},{\"@type\":\"BreadcrumbList\",\"@id\":\"https:\\\/\\\/www.lappia.fi\\\/sv\\\/utbildningsomraden\\\/#breadcrumb\",\"itemListElement\":[{\"@type\":\"ListItem\",\"position\":1,\"name\":\"Hem\",\"item\":\"https:\\\/\\\/www.lappia.fi\\\/sv\\\/\"},{\"@type\":\"ListItem\",\"position\":2,\"name\":\"Utbildningsomr\u00e5den\"}]},{\"@type\":\"WebSite\",\"@id\":\"https:\\\/\\\/www.lappia.fi\\\/#website\",\"url\":\"https:\\\/\\\/www.lappia.fi\\\/\",\"name\":\"lappia.fi\",\"description\":\"\",\"publisher\":{\"@id\":\"https:\\\/\\\/www.lappia.fi\\\/#organization\"},\"potentialAction\":[{\"@type\":\"SearchAction\",\"target\":{\"@type\":\"EntryPoint\",\"urlTemplate\":\"https:\\\/\\\/www.lappia.fi\\\/?s={search_term_string}\"},\"query-input\":{\"@type\":\"PropertyValueSpecification\",\"valueRequired\":true,\"valueName\":\"search_term_string\"}}],\"inLanguage\":\"sv-SE\"},{\"@type\":\"Organization\",\"@id\":\"https:\\\/\\\/www.lappia.fi\\\/#organization\",\"name\":\"lappia.fi\",\"url\":\"https:\\\/\\\/www.lappia.fi\\\/\",\"logo\":{\"@type\":\"ImageObject\",\"inLanguage\":\"sv-SE\",\"@id\":\"https:\\\/\\\/www.lappia.fi\\\/#\\\/schema\\\/logo\\\/image\\\/\",\"url\":\"https:\\\/\\\/www.lappia.fi\\\/wp-content\\\/uploads\\\/2020\\\/11\\\/logo-lappia.png\",\"contentUrl\":\"https:\\\/\\\/www.lappia.fi\\\/wp-content\\\/uploads\\\/2020\\\/11\\\/logo-lappia.png\",\"width\":211,\"height\":69,\"caption\":\"lappia.fi\"},\"image\":{\"@id\":\"https:\\\/\\\/www.lappia.fi\\\/#\\\/schema\\\/logo\\\/image\\\/\"}}]}<\/script>\n<!-- \/ Yoast SEO plugin. -->","yoast_head_json":{"title":"Utbildningsomr\u00e5den - lappia.fi","robots":{"index":"index","follow":"follow","max-snippet":"max-snippet:-1","max-image-preview":"max-image-preview:large","max-video-preview":"max-video-preview:-1"},"canonical":"https:\/\/www.lappia.fi\/sv\/utbildningsomraden\/","og_locale":"sv_SE","og_type":"article","og_title":"Utbildningsomr\u00e5den - lappia.fi","og_description":"[...]L\u00e4s mer \u2026 from Utbildningsomr\u00e5den","og_url":"https:\/\/www.lappia.fi\/sv\/utbildningsomraden\/","og_site_name":"lappia.fi","og_image":[{"width":2560,"height":1707,"url":"https:\/\/www.lappia.fi\/wp-content\/uploads\/2021\/01\/k19155105-scaled-1.jpg","type":"image\/jpeg"}],"twitter_card":"summary_large_image","schema":{"@context":"https:\/\/schema.org","@graph":[{"@type":"WebPage","@id":"https:\/\/www.lappia.fi\/sv\/utbildningsomraden\/","url":"https:\/\/www.lappia.fi\/sv\/utbildningsomraden\/","name":"Utbildningsomr\u00e5den - lappia.fi","isPartOf":{"@id":"https:\/\/www.lappia.fi\/#website"},"primaryImageOfPage":{"@id":"https:\/\/www.lappia.fi\/sv\/utbildningsomraden\/#primaryimage"},"image":{"@id":"https:\/\/www.lappia.fi\/sv\/utbildningsomraden\/#primaryimage"},"thumbnailUrl":"https:\/\/www.lappia.fi\/wp-content\/uploads\/2021\/01\/k19155105-scaled-1.jpg","datePublished":"2021-04-16T10:40:42+00:00","breadcrumb":{"@id":"https:\/\/www.lappia.fi\/sv\/utbildningsomraden\/#breadcrumb"},"inLanguage":"sv-SE","potentialAction":[{"@type":"ReadAction","target":["https:\/\/www.lappia.fi\/sv\/utbildningsomraden\/"]}]},{"@type":"ImageObject","inLanguage":"sv-SE","@id":"https:\/\/www.lappia.fi\/sv\/utbildningsomraden\/#primaryimage","url":"https:\/\/www.lappia.fi\/wp-content\/uploads\/2021\/01\/k19155105-scaled-1.jpg","contentUrl":"https:\/\/www.lappia.fi\/wp-content\/uploads\/2021\/01\/k19155105-scaled-1.jpg","width":2560,"height":1707,"caption":"ryhm\u00e4 nuoria opiskelijoita"},{"@type":"BreadcrumbList","@id":"https:\/\/www.lappia.fi\/sv\/utbildningsomraden\/#breadcrumb","itemListElement":[{"@type":"ListItem","position":1,"name":"Hem","item":"https:\/\/www.lappia.fi\/sv\/"},{"@type":"ListItem","position":2,"name":"Utbildningsomr\u00e5den"}]},{"@type":"WebSite","@id":"https:\/\/www.lappia.fi\/#website","url":"https:\/\/www.lappia.fi\/","name":"lappia.fi","description":"","publisher":{"@id":"https:\/\/www.lappia.fi\/#organization"},"potentialAction":[{"@type":"SearchAction","target":{"@type":"EntryPoint","urlTemplate":"https:\/\/www.lappia.fi\/?s={search_term_string}"},"query-input":{"@type":"PropertyValueSpecification","valueRequired":true,"valueName":"search_term_string"}}],"inLanguage":"sv-SE"},{"@type":"Organization","@id":"https:\/\/www.lappia.fi\/#organization","name":"lappia.fi","url":"https:\/\/www.lappia.fi\/","logo":{"@type":"ImageObject","inLanguage":"sv-SE","@id":"https:\/\/www.lappia.fi\/#\/schema\/logo\/image\/","url":"https:\/\/www.lappia.fi\/wp-content\/uploads\/2020\/11\/logo-lappia.png","contentUrl":"https:\/\/www.lappia.fi\/wp-content\/uploads\/2020\/11\/logo-lappia.png","width":211,"height":69,"caption":"lappia.fi"},"image":{"@id":"https:\/\/www.lappia.fi\/#\/schema\/logo\/image\/"}}]}},"_links":{"self":[{"href":"https:\/\/www.lappia.fi\/sv\/wp-json\/wp\/v2\/pages\/5226","targetHints":{"allow":["GET"]}}],"collection":[{"href":"https:\/\/www.lappia.fi\/sv\/wp-json\/wp\/v2\/pages"}],"about":[{"href":"https:\/\/www.lappia.fi\/sv\/wp-json\/wp\/v2\/types\/page"}],"author":[{"embeddable":true,"href":"https:\/\/www.lappia.fi\/sv\/wp-json\/wp\/v2\/users\/3"}],"replies":[{"embeddable":true,"href":"https:\/\/www.lappia.fi\/sv\/wp-json\/wp\/v2\/comments?post=5226"}],"version-history":[{"count":3,"href":"https:\/\/www.lappia.fi\/sv\/wp-json\/wp\/v2\/pages\/5226\/revisions"}],"predecessor-version":[{"id":5229,"href":"https:\/\/www.lappia.fi\/sv\/wp-json\/wp\/v2\/pages\/5226\/revisions\/5229"}],"wp:featuredmedia":[{"embeddable":true,"href":"https:\/\/www.lappia.fi\/sv\/wp-json\/wp\/v2\/media\/2495"}],"wp:attachment":[{"href":"https:\/\/www.lappia.fi\/sv\/wp-json\/wp\/v2\/media?parent=5226"}],"wp:term":[{"taxonomy":"author","embeddable":true,"href":"https:\/\/www.lappia.fi\/sv\/wp-json\/wp\/v2\/ppma_author?post=5226"}],"curies":[{"name":"wp","href":"https:\/\/api.w.org\/{rel}","templated":true}]}}