{"id":5174,"date":"2021-04-16T13:40:41","date_gmt":"2021-04-16T10:40:41","guid":{"rendered":"https:\/\/www.lappia.fi\/?page_id=5174"},"modified":"2025-08-29T09:54:32","modified_gmt":"2025-08-29T06:54:32","slug":"lappia-livskraft-i-norr","status":"publish","type":"page","link":"https:\/\/www.lappia.fi\/sv\/","title":{"rendered":"Lappia &#8211; Livskraft i norr!"},"content":{"rendered":"\n<h1 class=\"wp-block-heading\">Yrkesinstitutet Lappia och Lappia-Koulutus Oy erbjuder praktisk utbildning f\u00f6r unga, vuxna och f\u00f6r arbetslivets behov i Lappland.<\/h1>\n\n\n\n<p><\/p>\n","protected":false},"excerpt":{"rendered":"<p>Yrkesinstitutet Lappia och Lappia-Koulutus Oy erbjuder praktisk utbildning f\u00f6r unga, vuxna och f\u00f6r arbetslivets behov i Lappland. [&#8230;]<\/p>\n<p><a class=\"btn btn-secondary understrap-read-more-link\" href=\"https:\/\/www.lappia.fi\/sv\/\">L\u00e4s mer \u2026<span class=\"screen-reader-text\"> from Lappia &#8211; Livskraft i norr!<\/span><\/a><\/p>\n","protected":false},"author":3,"featured_media":3730,"parent":0,"menu_order":0,"comment_status":"closed","ping_status":"closed","template":"page-templates\/front.php","meta":{"_acf_changed":false,"footnotes":""},"ppma_author":[492],"class_list":["post-5174","page","type-page","status-publish","has-post-thumbnail","hentry"],"acf":{"sisalto":[{"acf_fc_layout":"kaksi_palstaa","kuvan_paikka":"image-left","otsikko":"","palsta_1":"<p><img loading=\"lazy\" decoding=\"async\" class=\"alignnone wp-image-4917 size-large\" src=\"https:\/\/www.lappia.fi\/wp-content\/uploads\/2021\/01\/Yhteishaku-1024x1000.jpg\" alt=\"Girl with colorful hair working with laptop on floor in living room\" width=\"640\" height=\"625\" srcset=\"https:\/\/www.lappia.fi\/wp-content\/uploads\/2021\/01\/Yhteishaku-1024x1000.jpg 1024w, https:\/\/www.lappia.fi\/wp-content\/uploads\/2021\/01\/Yhteishaku-300x293.jpg 300w, https:\/\/www.lappia.fi\/wp-content\/uploads\/2021\/01\/Yhteishaku-768x750.jpg 768w, https:\/\/www.lappia.fi\/wp-content\/uploads\/2021\/01\/Yhteishaku-1536x1500.jpg 1536w, https:\/\/www.lappia.fi\/wp-content\/uploads\/2021\/01\/Yhteishaku.jpg 1600w\" sizes=\"auto, (max-width: 640px) 100vw, 640px\" \/><\/p>\n","linkki_palsta_1":"","palsta_2":"<h1>Utbildningsomr\u00e5den<\/h1>\n<p>Du kan v\u00e4lja fr\u00e5n \u00f6ver 30 utbildningsomr\u00e5den.<\/p>\n","linkki_palsta_2":{"title":"L\u00e4s mer","url":"https:\/\/www.lappia.fi\/sv\/utbildningsomraden\/","target":""}},{"acf_fc_layout":"kaksi_palstaa","kuvan_paikka":"no-image","otsikko":"","palsta_1":"<h1>Information om Lappia<\/h1>\n<p>L\u00e4s mer om oss. Vem \u00e4r vi, var finns vi och hurdan \u00e4r v\u00e5r strategi?<\/p>\n","linkki_palsta_1":{"title":"L\u00e4s mer","url":"https:\/\/www.lappia.fi\/sv\/information-om-lappia\/","target":"_blank"},"palsta_2":"<p><img loading=\"lazy\" decoding=\"async\" class=\"alignnone wp-image-4912 size-large\" src=\"https:\/\/www.lappia.fi\/wp-content\/uploads\/2021\/01\/tietoa-lappiasta_artikkelikuva-1024x683.jpg\" alt=\"business, startup and peoplcreative female office worker with computers\" width=\"640\" height=\"427\" srcset=\"https:\/\/www.lappia.fi\/wp-content\/uploads\/2021\/01\/tietoa-lappiasta_artikkelikuva-1024x683.jpg 1024w, https:\/\/www.lappia.fi\/wp-content\/uploads\/2021\/01\/tietoa-lappiasta_artikkelikuva-300x200.jpg 300w, https:\/\/www.lappia.fi\/wp-content\/uploads\/2021\/01\/tietoa-lappiasta_artikkelikuva-768x512.jpg 768w, https:\/\/www.lappia.fi\/wp-content\/uploads\/2021\/01\/tietoa-lappiasta_artikkelikuva.jpg 1200w\" sizes=\"auto, (max-width: 640px) 100vw, 640px\" \/><\/p>\n","linkki_palsta_2":""},{"acf_fc_layout":"nostolaatikot","nosto":[{"otsikko":"Yrkesutbildning i Finland","linkki":{"title":"L\u00e4s mer","url":"https:\/\/www.lappia.fi\/sv\/yrkesutbildning-i-finland\/","target":""}}]}]},"yoast_head":"<!-- This site is optimized with the Yoast SEO plugin v27.3 - https:\/\/yoast.com\/product\/yoast-seo-wordpress\/ -->\n<title>Lappia - Livskraft i norr! - lappia.fi<\/title>\n<meta name=\"robots\" content=\"index, follow, max-snippet:-1, max-image-preview:large, max-video-preview:-1\" \/>\n<link rel=\"canonical\" href=\"https:\/\/www.lappia.fi\/sv\/\" \/>\n<meta property=\"og:locale\" content=\"sv_SE\" \/>\n<meta property=\"og:type\" content=\"article\" \/>\n<meta property=\"og:title\" content=\"Lappia - Livskraft i norr! - lappia.fi\" \/>\n<meta property=\"og:description\" content=\"Yrkesinstitutet Lappia och Lappia-Koulutus Oy erbjuder praktisk utbildning f\u00f6r unga, vuxna och f\u00f6r arbetslivets behov i Lappland. [...]L\u00e4s mer \u2026 from Lappia &#8211; Livskraft i norr!\" \/>\n<meta property=\"og:url\" content=\"https:\/\/www.lappia.fi\/sv\/\" \/>\n<meta property=\"og:site_name\" content=\"lappia.fi\" \/>\n<meta property=\"article:modified_time\" content=\"2025-08-29T06:54:32+00:00\" \/>\n<meta property=\"og:image\" content=\"https:\/\/www.lappia.fi\/wp-content\/uploads\/2021\/02\/etusivun-iso-kuva.jpg\" \/>\n\t<meta property=\"og:image:width\" content=\"1200\" \/>\n\t<meta property=\"og:image:height\" content=\"800\" \/>\n\t<meta property=\"og:image:type\" content=\"image\/jpeg\" \/>\n<meta name=\"twitter:card\" content=\"summary_large_image\" \/>\n<meta name=\"twitter:label1\" content=\"Ber\u00e4knad l\u00e4stid\" \/>\n\t<meta name=\"twitter:data1\" content=\"1 minut\" \/>\n<script type=\"application\/ld+json\" class=\"yoast-schema-graph\">{\"@context\":\"https:\\\/\\\/schema.org\",\"@graph\":[{\"@type\":\"WebPage\",\"@id\":\"https:\\\/\\\/www.lappia.fi\\\/sv\\\/\",\"url\":\"https:\\\/\\\/www.lappia.fi\\\/sv\\\/\",\"name\":\"Lappia - Livskraft i norr! - lappia.fi\",\"isPartOf\":{\"@id\":\"https:\\\/\\\/www.lappia.fi\\\/#website\"},\"primaryImageOfPage\":{\"@id\":\"https:\\\/\\\/www.lappia.fi\\\/sv\\\/#primaryimage\"},\"image\":{\"@id\":\"https:\\\/\\\/www.lappia.fi\\\/sv\\\/#primaryimage\"},\"thumbnailUrl\":\"https:\\\/\\\/www.lappia.fi\\\/wp-content\\\/uploads\\\/2021\\\/02\\\/etusivun-iso-kuva.jpg\",\"datePublished\":\"2021-04-16T10:40:41+00:00\",\"dateModified\":\"2025-08-29T06:54:32+00:00\",\"breadcrumb\":{\"@id\":\"https:\\\/\\\/www.lappia.fi\\\/sv\\\/#breadcrumb\"},\"inLanguage\":\"sv-SE\",\"potentialAction\":[{\"@type\":\"ReadAction\",\"target\":[\"https:\\\/\\\/www.lappia.fi\\\/sv\\\/\"]}]},{\"@type\":\"ImageObject\",\"inLanguage\":\"sv-SE\",\"@id\":\"https:\\\/\\\/www.lappia.fi\\\/sv\\\/#primaryimage\",\"url\":\"https:\\\/\\\/www.lappia.fi\\\/wp-content\\\/uploads\\\/2021\\\/02\\\/etusivun-iso-kuva.jpg\",\"contentUrl\":\"https:\\\/\\\/www.lappia.fi\\\/wp-content\\\/uploads\\\/2021\\\/02\\\/etusivun-iso-kuva.jpg\",\"width\":1200,\"height\":800,\"caption\":\"young female carpentry apprentice measuring the plywood\"},{\"@type\":\"BreadcrumbList\",\"@id\":\"https:\\\/\\\/www.lappia.fi\\\/sv\\\/#breadcrumb\",\"itemListElement\":[{\"@type\":\"ListItem\",\"position\":1,\"name\":\"Hem\",\"item\":\"https:\\\/\\\/www.lappia.fi\\\/sv\\\/\"},{\"@type\":\"ListItem\",\"position\":2,\"name\":\"Lappia &#8211; Livskraft i norr!\"}]},{\"@type\":\"WebSite\",\"@id\":\"https:\\\/\\\/www.lappia.fi\\\/#website\",\"url\":\"https:\\\/\\\/www.lappia.fi\\\/\",\"name\":\"lappia.fi\",\"description\":\"\",\"publisher\":{\"@id\":\"https:\\\/\\\/www.lappia.fi\\\/#organization\"},\"potentialAction\":[{\"@type\":\"SearchAction\",\"target\":{\"@type\":\"EntryPoint\",\"urlTemplate\":\"https:\\\/\\\/www.lappia.fi\\\/?s={search_term_string}\"},\"query-input\":{\"@type\":\"PropertyValueSpecification\",\"valueRequired\":true,\"valueName\":\"search_term_string\"}}],\"inLanguage\":\"sv-SE\"},{\"@type\":\"Organization\",\"@id\":\"https:\\\/\\\/www.lappia.fi\\\/#organization\",\"name\":\"lappia.fi\",\"url\":\"https:\\\/\\\/www.lappia.fi\\\/\",\"logo\":{\"@type\":\"ImageObject\",\"inLanguage\":\"sv-SE\",\"@id\":\"https:\\\/\\\/www.lappia.fi\\\/#\\\/schema\\\/logo\\\/image\\\/\",\"url\":\"https:\\\/\\\/www.lappia.fi\\\/wp-content\\\/uploads\\\/2020\\\/11\\\/logo-lappia.png\",\"contentUrl\":\"https:\\\/\\\/www.lappia.fi\\\/wp-content\\\/uploads\\\/2020\\\/11\\\/logo-lappia.png\",\"width\":211,\"height\":69,\"caption\":\"lappia.fi\"},\"image\":{\"@id\":\"https:\\\/\\\/www.lappia.fi\\\/#\\\/schema\\\/logo\\\/image\\\/\"}}]}<\/script>\n<!-- \/ Yoast SEO plugin. -->","yoast_head_json":{"title":"Lappia - Livskraft i norr! - lappia.fi","robots":{"index":"index","follow":"follow","max-snippet":"max-snippet:-1","max-image-preview":"max-image-preview:large","max-video-preview":"max-video-preview:-1"},"canonical":"https:\/\/www.lappia.fi\/sv\/","og_locale":"sv_SE","og_type":"article","og_title":"Lappia - Livskraft i norr! - lappia.fi","og_description":"Yrkesinstitutet Lappia och Lappia-Koulutus Oy erbjuder praktisk utbildning f\u00f6r unga, vuxna och f\u00f6r arbetslivets behov i Lappland. [...]L\u00e4s mer \u2026 from Lappia &#8211; Livskraft i norr!","og_url":"https:\/\/www.lappia.fi\/sv\/","og_site_name":"lappia.fi","article_modified_time":"2025-08-29T06:54:32+00:00","og_image":[{"width":1200,"height":800,"url":"https:\/\/www.lappia.fi\/wp-content\/uploads\/2021\/02\/etusivun-iso-kuva.jpg","type":"image\/jpeg"}],"twitter_card":"summary_large_image","twitter_misc":{"Ber\u00e4knad l\u00e4stid":"1 minut"},"schema":{"@context":"https:\/\/schema.org","@graph":[{"@type":"WebPage","@id":"https:\/\/www.lappia.fi\/sv\/","url":"https:\/\/www.lappia.fi\/sv\/","name":"Lappia - Livskraft i norr! - lappia.fi","isPartOf":{"@id":"https:\/\/www.lappia.fi\/#website"},"primaryImageOfPage":{"@id":"https:\/\/www.lappia.fi\/sv\/#primaryimage"},"image":{"@id":"https:\/\/www.lappia.fi\/sv\/#primaryimage"},"thumbnailUrl":"https:\/\/www.lappia.fi\/wp-content\/uploads\/2021\/02\/etusivun-iso-kuva.jpg","datePublished":"2021-04-16T10:40:41+00:00","dateModified":"2025-08-29T06:54:32+00:00","breadcrumb":{"@id":"https:\/\/www.lappia.fi\/sv\/#breadcrumb"},"inLanguage":"sv-SE","potentialAction":[{"@type":"ReadAction","target":["https:\/\/www.lappia.fi\/sv\/"]}]},{"@type":"ImageObject","inLanguage":"sv-SE","@id":"https:\/\/www.lappia.fi\/sv\/#primaryimage","url":"https:\/\/www.lappia.fi\/wp-content\/uploads\/2021\/02\/etusivun-iso-kuva.jpg","contentUrl":"https:\/\/www.lappia.fi\/wp-content\/uploads\/2021\/02\/etusivun-iso-kuva.jpg","width":1200,"height":800,"caption":"young female carpentry apprentice measuring the plywood"},{"@type":"BreadcrumbList","@id":"https:\/\/www.lappia.fi\/sv\/#breadcrumb","itemListElement":[{"@type":"ListItem","position":1,"name":"Hem","item":"https:\/\/www.lappia.fi\/sv\/"},{"@type":"ListItem","position":2,"name":"Lappia &#8211; Livskraft i norr!"}]},{"@type":"WebSite","@id":"https:\/\/www.lappia.fi\/#website","url":"https:\/\/www.lappia.fi\/","name":"lappia.fi","description":"","publisher":{"@id":"https:\/\/www.lappia.fi\/#organization"},"potentialAction":[{"@type":"SearchAction","target":{"@type":"EntryPoint","urlTemplate":"https:\/\/www.lappia.fi\/?s={search_term_string}"},"query-input":{"@type":"PropertyValueSpecification","valueRequired":true,"valueName":"search_term_string"}}],"inLanguage":"sv-SE"},{"@type":"Organization","@id":"https:\/\/www.lappia.fi\/#organization","name":"lappia.fi","url":"https:\/\/www.lappia.fi\/","logo":{"@type":"ImageObject","inLanguage":"sv-SE","@id":"https:\/\/www.lappia.fi\/#\/schema\/logo\/image\/","url":"https:\/\/www.lappia.fi\/wp-content\/uploads\/2020\/11\/logo-lappia.png","contentUrl":"https:\/\/www.lappia.fi\/wp-content\/uploads\/2020\/11\/logo-lappia.png","width":211,"height":69,"caption":"lappia.fi"},"image":{"@id":"https:\/\/www.lappia.fi\/#\/schema\/logo\/image\/"}}]}},"_links":{"self":[{"href":"https:\/\/www.lappia.fi\/sv\/wp-json\/wp\/v2\/pages\/5174","targetHints":{"allow":["GET"]}}],"collection":[{"href":"https:\/\/www.lappia.fi\/sv\/wp-json\/wp\/v2\/pages"}],"about":[{"href":"https:\/\/www.lappia.fi\/sv\/wp-json\/wp\/v2\/types\/page"}],"author":[{"embeddable":true,"href":"https:\/\/www.lappia.fi\/sv\/wp-json\/wp\/v2\/users\/3"}],"replies":[{"embeddable":true,"href":"https:\/\/www.lappia.fi\/sv\/wp-json\/wp\/v2\/comments?post=5174"}],"version-history":[{"count":10,"href":"https:\/\/www.lappia.fi\/sv\/wp-json\/wp\/v2\/pages\/5174\/revisions"}],"predecessor-version":[{"id":20214,"href":"https:\/\/www.lappia.fi\/sv\/wp-json\/wp\/v2\/pages\/5174\/revisions\/20214"}],"wp:featuredmedia":[{"embeddable":true,"href":"https:\/\/www.lappia.fi\/sv\/wp-json\/wp\/v2\/media\/3730"}],"wp:attachment":[{"href":"https:\/\/www.lappia.fi\/sv\/wp-json\/wp\/v2\/media?parent=5174"}],"wp:term":[{"taxonomy":"author","embeddable":true,"href":"https:\/\/www.lappia.fi\/sv\/wp-json\/wp\/v2\/ppma_author?post=5174"}],"curies":[{"name":"wp","href":"https:\/\/api.w.org\/{rel}","templated":true}]}}