{"id":4975,"date":"2021-04-16T13:35:06","date_gmt":"2021-04-16T10:35:06","guid":{"rendered":"https:\/\/www.lappia.fi\/?page_id=4975"},"modified":"2025-09-01T12:53:41","modified_gmt":"2025-09-01T09:53:41","slug":"international-activities","status":"publish","type":"page","link":"https:\/\/www.lappia.fi\/en\/international-activities\/","title":{"rendered":"International Activities"},"content":{"rendered":"\n<p>International operations and co-operation are a natural part of everyday life at Vocational College Lappia. Students, teachers, and other experts from abroad bring an&nbsp;international touch to learning in the vocational college and to the local working life in the North.\u200b<\/p>\n\n\n\n<figure class=\"wp-block-image size-large\"><img loading=\"lazy\" decoding=\"async\" width=\"283\" height=\"166\" src=\"https:\/\/www.lappia.fi\/wp-content\/uploads\/2021\/04\/vet_logo.jpg\" alt=\"\" class=\"wp-image-5264\" \/><\/figure>\n","protected":false},"excerpt":{"rendered":"<p>International operations and co-operation are a natural part of everyday life at Vocational College Lappia. Students, teachers, and other experts from abroad bring an&nbsp;international touch to learning in the vocational college and to the local working life in the North.\u200b [&#8230;]<\/p>\n<p><a class=\"btn btn-secondary understrap-read-more-link\" href=\"https:\/\/www.lappia.fi\/en\/international-activities\/\">Read More&#8230;<span class=\"screen-reader-text\"> from International Activities<\/span><\/a><\/p>\n","protected":false},"author":3,"featured_media":4380,"parent":0,"menu_order":0,"comment_status":"closed","ping_status":"closed","template":"","meta":{"_acf_changed":false,"footnotes":""},"ppma_author":[492],"class_list":["post-4975","page","type-page","status-publish","has-post-thumbnail","hentry"],"acf":{"sisalto":[{"acf_fc_layout":"kaksi_palstaa","kuvan_paikka":"image-left","otsikko":"","palsta_1":"<p><img loading=\"lazy\" decoding=\"async\" class=\"alignnone wp-image-3602 size-medium\" src=\"https:\/\/www.lappia.fi\/wp-content\/uploads\/2021\/01\/Hankkeen-uutiskuva-2-600x400.jpg\" alt=\"Low Angle View Of People Making Circle With Their Hands\" width=\"600\" height=\"400\" srcset=\"https:\/\/www.lappia.fi\/wp-content\/uploads\/2021\/01\/Hankkeen-uutiskuva-2-600x400.jpg 600w, https:\/\/www.lappia.fi\/wp-content\/uploads\/2021\/01\/Hankkeen-uutiskuva-2-768x512.jpg 768w, https:\/\/www.lappia.fi\/wp-content\/uploads\/2021\/01\/Hankkeen-uutiskuva-2.jpg 1000w\" sizes=\"auto, (max-width: 600px) 100vw, 600px\" \/><\/p>\n","linkki_palsta_1":"","palsta_2":"<p>An important objective of international activities in Lappia is to offer the students and staff possibilities to experience working and studying in international environments and project work. The aim is to provide the students and staff with the skills they need to meet the requirements of an international study and working environment both in Finland and abroad.<\/p>\n<p>Lappia is a participant in many international projects and a member in versatile networks enhancing cooperation in internationality. You can get information on the international activities from the contact persons.<\/p>\n","linkki_palsta_2":""},{"acf_fc_layout":"yksi_palsta","taysilevea":false,"sisalto":"<h2>Contacts<\/h2>\n<p>The e-mail addresses are written as follows: firstname.lastname(at)lappia.fi<\/p>\n<table style=\"height: 339px;width: 100%;background-color: #c5eced;border-color: #e0dada\">\n<tbody>\n<tr>\n<td style=\"width: 33.3333%\"><em>International Officer<br \/>\n<\/em>Ms. Marja-Liisa Tyyst\u00e4l\u00e4<em><br \/>\n<\/em>Tel. +358 40 717 1583<em><br \/>\n<\/em><\/td>\n<td style=\"width: 33.3333%\"><em>Apprenticeship Training<\/em><br \/>\nMs. Mari M\u00e4\u00e4tt\u00e4<br \/>\n+358 40 520 1659<\/td>\n<td style=\"width: 33.3333%\"><em>Social and Health Care<\/em><br \/>\nMr. Heikki Alatalo<br \/>\n+358 50 310 9475<\/td>\n<\/tr>\n<tr>\n<td style=\"width: 33.3333%\"><em>Technology Studies, Tornio<br \/>\n<\/em>Mr. Rainer Kettunen<em><br \/>\n<\/em>Tel. +358 40 565 9444<\/td>\n<td style=\"width: 33.3333%\"><em>Communications Department<\/em><br \/>\nMs. Adalmiina Levy<br \/>\n+358 40 193 2171<\/td>\n<td style=\"width: 33.3333%\"><em>Nature Studies\/Loue Unit<\/em><br \/>\nMs. Pauliina Myllyl\u00e4<br \/>\n+358 40 777 7604<\/td>\n<\/tr>\n<tr>\n<td style=\"width: 33.3333%\"><em>Leadership Studies, Logistics, Business<\/em><br \/>\nMs. Maarit Pulkkinen<br \/>\n+358 40 572 5587<\/td>\n<td style=\"width: 33.3333%\"><em>Muonio Unit<\/em><br \/>\nMs. Sini Viinikka<br \/>\n+358 40 663 0617<\/td>\n<td style=\"width: 33.3333%\"><em>Bakery Studies<\/em><br \/>\nMs. Kristiina P\u00e4\u00e4kk\u00f6<br \/>\n+358 50 310 9317<\/td>\n<\/tr>\n<tr>\n<td style=\"width: 33.3333%\"><em>Education Manager<\/em><br \/>\nMs. Anne Tryyki<br \/>\n+358 50 461 1227<\/td>\n<td style=\"width: 33.3333%\"><em>Technology Studies\/Kemi Unit<\/em><br \/>\nMr. Jani Harju<br \/>\n+358 50 362 2302<\/td>\n<td style=\"width: 33.3333%\"><em>Immigration Coordinator<\/em><br \/>\nMs. Ellinoora K\u00f6pman<br \/>\n+358 40 685 2402<\/td>\n<\/tr>\n<tr>\n<td style=\"width: 33.3333%\"><em>Culture Studies<br \/>\nMs. Annika Rytk\u00f6nen<br \/>\n+358 40 586 2521<br \/>\n<\/em><\/td>\n<td style=\"width: 33.3333%\"><em>\u00a0<\/em><\/td>\n<td style=\"width: 33.3333%\"><em>\u00a0<\/em><\/td>\n<\/tr>\n<\/tbody>\n<\/table>\n<p><em>\u00a0<\/em><\/p>\n"}]},"yoast_head":"<!-- This site is optimized with the Yoast SEO plugin v27.5 - https:\/\/yoast.com\/product\/yoast-seo-wordpress\/ -->\n<title>International Activities - lappia.fi<\/title>\n<meta name=\"description\" content=\"International operations and co-operation are a natural part of everyday life at Vocational College Lappia.\" \/>\n<meta name=\"robots\" content=\"index, follow, max-snippet:-1, max-image-preview:large, max-video-preview:-1\" \/>\n<link rel=\"canonical\" href=\"https:\/\/www.lappia.fi\/en\/international-activities\/\" \/>\n<meta property=\"og:locale\" content=\"en_US\" \/>\n<meta property=\"og:type\" content=\"article\" \/>\n<meta property=\"og:title\" content=\"International Activities - lappia.fi\" \/>\n<meta property=\"og:description\" content=\"International operations and co-operation are a natural part of everyday life at Vocational College Lappia.\" \/>\n<meta property=\"og:url\" content=\"https:\/\/www.lappia.fi\/en\/international-activities\/\" \/>\n<meta property=\"og:site_name\" content=\"lappia.fi\" \/>\n<meta property=\"article:modified_time\" content=\"2025-09-01T09:53:41+00:00\" \/>\n<meta property=\"og:image\" content=\"https:\/\/www.lappia.fi\/wp-content\/uploads\/2021\/01\/Hiihtaja-kaamosmaisemassa.jpg\" \/>\n\t<meta property=\"og:image:width\" content=\"1300\" \/>\n\t<meta property=\"og:image:height\" content=\"735\" \/>\n\t<meta property=\"og:image:type\" content=\"image\/jpeg\" \/>\n<meta name=\"twitter:card\" content=\"summary_large_image\" \/>\n<meta name=\"twitter:label1\" content=\"Est. reading time\" \/>\n\t<meta name=\"twitter:data1\" content=\"1 minute\" \/>\n<script type=\"application\/ld+json\" class=\"yoast-schema-graph\">{\"@context\":\"https:\\\/\\\/schema.org\",\"@graph\":[{\"@type\":\"WebPage\",\"@id\":\"https:\\\/\\\/www.lappia.fi\\\/en\\\/international-activities\\\/\",\"url\":\"https:\\\/\\\/www.lappia.fi\\\/en\\\/international-activities\\\/\",\"name\":\"International Activities - lappia.fi\",\"isPartOf\":{\"@id\":\"https:\\\/\\\/www.lappia.fi\\\/#website\"},\"primaryImageOfPage\":{\"@id\":\"https:\\\/\\\/www.lappia.fi\\\/en\\\/international-activities\\\/#primaryimage\"},\"image\":{\"@id\":\"https:\\\/\\\/www.lappia.fi\\\/en\\\/international-activities\\\/#primaryimage\"},\"thumbnailUrl\":\"https:\\\/\\\/www.lappia.fi\\\/wp-content\\\/uploads\\\/2021\\\/01\\\/Hiihtaja-kaamosmaisemassa.jpg\",\"datePublished\":\"2021-04-16T10:35:06+00:00\",\"dateModified\":\"2025-09-01T09:53:41+00:00\",\"description\":\"International operations and co-operation are a natural part of everyday life at Vocational College Lappia.\",\"breadcrumb\":{\"@id\":\"https:\\\/\\\/www.lappia.fi\\\/en\\\/international-activities\\\/#breadcrumb\"},\"inLanguage\":\"en-US\",\"potentialAction\":[{\"@type\":\"ReadAction\",\"target\":[\"https:\\\/\\\/www.lappia.fi\\\/en\\\/international-activities\\\/\"]}]},{\"@type\":\"ImageObject\",\"inLanguage\":\"en-US\",\"@id\":\"https:\\\/\\\/www.lappia.fi\\\/en\\\/international-activities\\\/#primaryimage\",\"url\":\"https:\\\/\\\/www.lappia.fi\\\/wp-content\\\/uploads\\\/2021\\\/01\\\/Hiihtaja-kaamosmaisemassa.jpg\",\"contentUrl\":\"https:\\\/\\\/www.lappia.fi\\\/wp-content\\\/uploads\\\/2021\\\/01\\\/Hiihtaja-kaamosmaisemassa.jpg\",\"width\":1300,\"height\":735,\"caption\":\"Hiiht\u00e4j\u00e4 kaamosmaisemassa Lapissa\"},{\"@type\":\"BreadcrumbList\",\"@id\":\"https:\\\/\\\/www.lappia.fi\\\/en\\\/international-activities\\\/#breadcrumb\",\"itemListElement\":[{\"@type\":\"ListItem\",\"position\":1,\"name\":\"Home\",\"item\":\"https:\\\/\\\/www.lappia.fi\\\/en\\\/\"},{\"@type\":\"ListItem\",\"position\":2,\"name\":\"International Activities\"}]},{\"@type\":\"WebSite\",\"@id\":\"https:\\\/\\\/www.lappia.fi\\\/#website\",\"url\":\"https:\\\/\\\/www.lappia.fi\\\/\",\"name\":\"lappia.fi\",\"description\":\"\",\"publisher\":{\"@id\":\"https:\\\/\\\/www.lappia.fi\\\/#organization\"},\"potentialAction\":[{\"@type\":\"SearchAction\",\"target\":{\"@type\":\"EntryPoint\",\"urlTemplate\":\"https:\\\/\\\/www.lappia.fi\\\/?s={search_term_string}\"},\"query-input\":{\"@type\":\"PropertyValueSpecification\",\"valueRequired\":true,\"valueName\":\"search_term_string\"}}],\"inLanguage\":\"en-US\"},{\"@type\":\"Organization\",\"@id\":\"https:\\\/\\\/www.lappia.fi\\\/#organization\",\"name\":\"lappia.fi\",\"url\":\"https:\\\/\\\/www.lappia.fi\\\/\",\"logo\":{\"@type\":\"ImageObject\",\"inLanguage\":\"en-US\",\"@id\":\"https:\\\/\\\/www.lappia.fi\\\/#\\\/schema\\\/logo\\\/image\\\/\",\"url\":\"https:\\\/\\\/www.lappia.fi\\\/wp-content\\\/uploads\\\/2020\\\/11\\\/logo-lappia.png\",\"contentUrl\":\"https:\\\/\\\/www.lappia.fi\\\/wp-content\\\/uploads\\\/2020\\\/11\\\/logo-lappia.png\",\"width\":211,\"height\":69,\"caption\":\"lappia.fi\"},\"image\":{\"@id\":\"https:\\\/\\\/www.lappia.fi\\\/#\\\/schema\\\/logo\\\/image\\\/\"}}]}<\/script>\n<!-- \/ Yoast SEO plugin. -->","yoast_head_json":{"title":"International Activities - lappia.fi","description":"International operations and co-operation are a natural part of everyday life at Vocational College Lappia.","robots":{"index":"index","follow":"follow","max-snippet":"max-snippet:-1","max-image-preview":"max-image-preview:large","max-video-preview":"max-video-preview:-1"},"canonical":"https:\/\/www.lappia.fi\/en\/international-activities\/","og_locale":"en_US","og_type":"article","og_title":"International Activities - lappia.fi","og_description":"International operations and co-operation are a natural part of everyday life at Vocational College Lappia.","og_url":"https:\/\/www.lappia.fi\/en\/international-activities\/","og_site_name":"lappia.fi","article_modified_time":"2025-09-01T09:53:41+00:00","og_image":[{"width":1300,"height":735,"url":"https:\/\/www.lappia.fi\/wp-content\/uploads\/2021\/01\/Hiihtaja-kaamosmaisemassa.jpg","type":"image\/jpeg"}],"twitter_card":"summary_large_image","twitter_misc":{"Est. reading time":"1 minute"},"schema":{"@context":"https:\/\/schema.org","@graph":[{"@type":"WebPage","@id":"https:\/\/www.lappia.fi\/en\/international-activities\/","url":"https:\/\/www.lappia.fi\/en\/international-activities\/","name":"International Activities - lappia.fi","isPartOf":{"@id":"https:\/\/www.lappia.fi\/#website"},"primaryImageOfPage":{"@id":"https:\/\/www.lappia.fi\/en\/international-activities\/#primaryimage"},"image":{"@id":"https:\/\/www.lappia.fi\/en\/international-activities\/#primaryimage"},"thumbnailUrl":"https:\/\/www.lappia.fi\/wp-content\/uploads\/2021\/01\/Hiihtaja-kaamosmaisemassa.jpg","datePublished":"2021-04-16T10:35:06+00:00","dateModified":"2025-09-01T09:53:41+00:00","description":"International operations and co-operation are a natural part of everyday life at Vocational College Lappia.","breadcrumb":{"@id":"https:\/\/www.lappia.fi\/en\/international-activities\/#breadcrumb"},"inLanguage":"en-US","potentialAction":[{"@type":"ReadAction","target":["https:\/\/www.lappia.fi\/en\/international-activities\/"]}]},{"@type":"ImageObject","inLanguage":"en-US","@id":"https:\/\/www.lappia.fi\/en\/international-activities\/#primaryimage","url":"https:\/\/www.lappia.fi\/wp-content\/uploads\/2021\/01\/Hiihtaja-kaamosmaisemassa.jpg","contentUrl":"https:\/\/www.lappia.fi\/wp-content\/uploads\/2021\/01\/Hiihtaja-kaamosmaisemassa.jpg","width":1300,"height":735,"caption":"Hiiht\u00e4j\u00e4 kaamosmaisemassa Lapissa"},{"@type":"BreadcrumbList","@id":"https:\/\/www.lappia.fi\/en\/international-activities\/#breadcrumb","itemListElement":[{"@type":"ListItem","position":1,"name":"Home","item":"https:\/\/www.lappia.fi\/en\/"},{"@type":"ListItem","position":2,"name":"International Activities"}]},{"@type":"WebSite","@id":"https:\/\/www.lappia.fi\/#website","url":"https:\/\/www.lappia.fi\/","name":"lappia.fi","description":"","publisher":{"@id":"https:\/\/www.lappia.fi\/#organization"},"potentialAction":[{"@type":"SearchAction","target":{"@type":"EntryPoint","urlTemplate":"https:\/\/www.lappia.fi\/?s={search_term_string}"},"query-input":{"@type":"PropertyValueSpecification","valueRequired":true,"valueName":"search_term_string"}}],"inLanguage":"en-US"},{"@type":"Organization","@id":"https:\/\/www.lappia.fi\/#organization","name":"lappia.fi","url":"https:\/\/www.lappia.fi\/","logo":{"@type":"ImageObject","inLanguage":"en-US","@id":"https:\/\/www.lappia.fi\/#\/schema\/logo\/image\/","url":"https:\/\/www.lappia.fi\/wp-content\/uploads\/2020\/11\/logo-lappia.png","contentUrl":"https:\/\/www.lappia.fi\/wp-content\/uploads\/2020\/11\/logo-lappia.png","width":211,"height":69,"caption":"lappia.fi"},"image":{"@id":"https:\/\/www.lappia.fi\/#\/schema\/logo\/image\/"}}]}},"_links":{"self":[{"href":"https:\/\/www.lappia.fi\/en\/wp-json\/wp\/v2\/pages\/4975","targetHints":{"allow":["GET"]}}],"collection":[{"href":"https:\/\/www.lappia.fi\/en\/wp-json\/wp\/v2\/pages"}],"about":[{"href":"https:\/\/www.lappia.fi\/en\/wp-json\/wp\/v2\/types\/page"}],"author":[{"embeddable":true,"href":"https:\/\/www.lappia.fi\/en\/wp-json\/wp\/v2\/users\/3"}],"replies":[{"embeddable":true,"href":"https:\/\/www.lappia.fi\/en\/wp-json\/wp\/v2\/comments?post=4975"}],"version-history":[{"count":22,"href":"https:\/\/www.lappia.fi\/en\/wp-json\/wp\/v2\/pages\/4975\/revisions"}],"predecessor-version":[{"id":20221,"href":"https:\/\/www.lappia.fi\/en\/wp-json\/wp\/v2\/pages\/4975\/revisions\/20221"}],"wp:featuredmedia":[{"embeddable":true,"href":"https:\/\/www.lappia.fi\/en\/wp-json\/wp\/v2\/media\/4380"}],"wp:attachment":[{"href":"https:\/\/www.lappia.fi\/en\/wp-json\/wp\/v2\/media?parent=4975"}],"wp:term":[{"taxonomy":"author","embeddable":true,"href":"https:\/\/www.lappia.fi\/en\/wp-json\/wp\/v2\/ppma_author?post=4975"}],"curies":[{"name":"wp","href":"https:\/\/api.w.org\/{rel}","templated":true}]}}