{"id":4904,"date":"2021-04-16T13:35:07","date_gmt":"2021-04-16T10:35:07","guid":{"rendered":"https:\/\/www.lappia.fi\/?page_id=4904"},"modified":"2025-06-24T13:27:10","modified_gmt":"2025-06-24T10:27:10","slug":"lappia-northern-vitality","status":"publish","type":"page","link":"https:\/\/www.lappia.fi\/en\/","title":{"rendered":"Lappia &#8211; Northern Vitality"},"content":{"rendered":"\n<h1 class=\"wp-block-heading\">Lappia Vocational College and Lappia-Education Ltd offer practical training for young people, adults and the working life in Lapland.<\/h1>\n\n\n\n<figure class=\"wp-block-image size-full\"><img loading=\"lazy\" decoding=\"async\" width=\"283\" height=\"166\" src=\"https:\/\/www.lappia.fi\/wp-content\/uploads\/2022\/03\/vet_logo.jpg\" alt=\"\" class=\"wp-image-8354\" \/><\/figure>\n","protected":false},"excerpt":{"rendered":"<p>Lappia Vocational College and Lappia-Education Ltd offer practical training for young people, adults and the working life in Lapland. [&#8230;]<\/p>\n<p><a class=\"btn btn-secondary understrap-read-more-link\" href=\"https:\/\/www.lappia.fi\/en\/\">Read More&#8230;<span class=\"screen-reader-text\"> from Lappia &#8211; Northern Vitality<\/span><\/a><\/p>\n","protected":false},"author":1,"featured_media":3732,"parent":0,"menu_order":0,"comment_status":"closed","ping_status":"closed","template":"page-templates\/front.php","meta":{"_acf_changed":false,"footnotes":""},"ppma_author":[162],"class_list":["post-4904","page","type-page","status-publish","has-post-thumbnail","hentry"],"acf":{"sisalto":[{"acf_fc_layout":"kaksi_palstaa","kuvan_paikka":"image-left","otsikko":"","palsta_1":"<p><img loading=\"lazy\" decoding=\"async\" class=\"alignnone wp-image-2412 size-large\" src=\"https:\/\/www.lappia.fi\/wp-content\/uploads\/2021\/01\/Yhteishaku-1024x1000.jpg\" alt=\"Tytt\u00f6 katsoo lattialla l\u00e4pp\u00e4ri\u00e4\" width=\"640\" height=\"625\" srcset=\"https:\/\/www.lappia.fi\/wp-content\/uploads\/2021\/01\/Yhteishaku-1024x1000.jpg 1024w, https:\/\/www.lappia.fi\/wp-content\/uploads\/2021\/01\/Yhteishaku-300x293.jpg 300w, https:\/\/www.lappia.fi\/wp-content\/uploads\/2021\/01\/Yhteishaku-768x750.jpg 768w, https:\/\/www.lappia.fi\/wp-content\/uploads\/2021\/01\/Yhteishaku-1536x1500.jpg 1536w, https:\/\/www.lappia.fi\/wp-content\/uploads\/2021\/01\/Yhteishaku.jpg 1600w\" sizes=\"auto, (max-width: 640px) 100vw, 640px\" \/><\/p>\n","linkki_palsta_1":"","palsta_2":"<h1>Fields of vocational education and training<\/h1>\n<p>You can choose from over 30 different study fields.<\/p>\n","linkki_palsta_2":{"title":"Read more about study fields","url":"https:\/\/www.lappia.fi\/en\/fields-of-vocational-education-and-training\/","target":""}},{"acf_fc_layout":"kaksi_palstaa","kuvan_paikka":"image-right","otsikko":"","palsta_1":"<h1>Information about Lappia<\/h1>\n","linkki_palsta_1":{"title":"Read more about Lappia","url":"https:\/\/www.lappia.fi\/en\/information-about-lappia\/","target":"_blank"},"palsta_2":"<p><img loading=\"lazy\" decoding=\"async\" class=\"alignnone size-medium wp-image-20000\" src=\"https:\/\/www.lappia.fi\/wp-content\/uploads\/2025\/06\/lappia_strategiakuvitus_kuvituskuvat-06-600x600.png\" alt=\"opiskelija mitali k\u00e4dess\u00e4\" width=\"600\" height=\"600\" srcset=\"https:\/\/www.lappia.fi\/wp-content\/uploads\/2025\/06\/lappia_strategiakuvitus_kuvituskuvat-06-600x600.png 600w, https:\/\/www.lappia.fi\/wp-content\/uploads\/2025\/06\/lappia_strategiakuvitus_kuvituskuvat-06-1024x1024.png 1024w, https:\/\/www.lappia.fi\/wp-content\/uploads\/2025\/06\/lappia_strategiakuvitus_kuvituskuvat-06-150x150.png 150w, https:\/\/www.lappia.fi\/wp-content\/uploads\/2025\/06\/lappia_strategiakuvitus_kuvituskuvat-06-768x768.png 768w, https:\/\/www.lappia.fi\/wp-content\/uploads\/2025\/06\/lappia_strategiakuvitus_kuvituskuvat-06-1536x1536.png 1536w, https:\/\/www.lappia.fi\/wp-content\/uploads\/2025\/06\/lappia_strategiakuvitus_kuvituskuvat-06-2048x2048.png 2048w\" sizes=\"auto, (max-width: 600px) 100vw, 600px\" \/><\/p>\n","linkki_palsta_2":""},{"acf_fc_layout":"artikkelinostot","otsikko":"News articles","avainsanat":[533,534,532]},{"acf_fc_layout":"nostolaatikot","nosto":[{"otsikko":"Finnish vocational education and training","linkki":{"title":"Read more","url":"https:\/\/www.lappia.fi\/en\/finnish-vocational-education-and-training\/","target":""}},{"otsikko":"Student selection criteria","linkki":{"title":"Read more","url":"https:\/\/www.lappia.fi\/en\/student-selection-criteria\/","target":"_blank"}},{"otsikko":"International activities","linkki":{"title":"Read more","url":"https:\/\/www.lappia.fi\/en\/international-activities\/","target":""}},{"otsikko":"Invoicing information","linkki":{"title":"Read more","url":"https:\/\/www.lappia.fi\/en\/invoicing-information\/","target":"_blank"}}]}]},"yoast_head":"<!-- This site is optimized with the Yoast SEO plugin v27.5 - https:\/\/yoast.com\/product\/yoast-seo-wordpress\/ -->\n<title>Lappia - Northern Vitality - lappia.fi<\/title>\n<meta name=\"description\" content=\"Kemi-Tornionlaakso Municipal Education and Training Consortium Lappia maintains the Lappia Vocational College and owns Lappia-Education Ltd development service company.\" \/>\n<meta name=\"robots\" content=\"index, follow, max-snippet:-1, max-image-preview:large, max-video-preview:-1\" \/>\n<link rel=\"canonical\" href=\"https:\/\/www.lappia.fi\/en\/\" \/>\n<meta property=\"og:locale\" content=\"en_US\" \/>\n<meta property=\"og:type\" content=\"article\" \/>\n<meta property=\"og:title\" content=\"Lappia - Northern Vitality - lappia.fi\" \/>\n<meta property=\"og:description\" content=\"Kemi-Tornionlaakso Municipal Education and Training Consortium Lappia maintains the Lappia Vocational College and owns Lappia-Education Ltd development service company.\" \/>\n<meta property=\"og:url\" content=\"https:\/\/www.lappia.fi\/en\/\" \/>\n<meta property=\"og:site_name\" content=\"lappia.fi\" \/>\n<meta property=\"article:modified_time\" content=\"2025-06-24T10:27:10+00:00\" \/>\n<meta property=\"og:image\" content=\"https:\/\/www.lappia.fi\/wp-content\/uploads\/2021\/02\/etusivun-iso-kuva-1.jpg\" \/>\n\t<meta property=\"og:image:width\" content=\"1400\" \/>\n\t<meta property=\"og:image:height\" content=\"933\" \/>\n\t<meta property=\"og:image:type\" content=\"image\/jpeg\" \/>\n<meta name=\"twitter:card\" content=\"summary_large_image\" \/>\n<meta name=\"twitter:label1\" content=\"Est. reading time\" \/>\n\t<meta name=\"twitter:data1\" content=\"1 minute\" \/>\n<script type=\"application\/ld+json\" class=\"yoast-schema-graph\">{\"@context\":\"https:\\\/\\\/schema.org\",\"@graph\":[{\"@type\":\"WebPage\",\"@id\":\"https:\\\/\\\/www.lappia.fi\\\/en\\\/\",\"url\":\"https:\\\/\\\/www.lappia.fi\\\/en\\\/\",\"name\":\"Lappia - Northern Vitality - lappia.fi\",\"isPartOf\":{\"@id\":\"https:\\\/\\\/www.lappia.fi\\\/#website\"},\"primaryImageOfPage\":{\"@id\":\"https:\\\/\\\/www.lappia.fi\\\/en\\\/#primaryimage\"},\"image\":{\"@id\":\"https:\\\/\\\/www.lappia.fi\\\/en\\\/#primaryimage\"},\"thumbnailUrl\":\"https:\\\/\\\/www.lappia.fi\\\/wp-content\\\/uploads\\\/2021\\\/02\\\/etusivun-iso-kuva-1.jpg\",\"datePublished\":\"2021-04-16T10:35:07+00:00\",\"dateModified\":\"2025-06-24T10:27:10+00:00\",\"description\":\"Kemi-Tornionlaakso Municipal Education and Training Consortium Lappia maintains the Lappia Vocational College and owns Lappia-Education Ltd development service company.\",\"breadcrumb\":{\"@id\":\"https:\\\/\\\/www.lappia.fi\\\/en\\\/#breadcrumb\"},\"inLanguage\":\"en-US\",\"potentialAction\":[{\"@type\":\"ReadAction\",\"target\":[\"https:\\\/\\\/www.lappia.fi\\\/en\\\/\"]}]},{\"@type\":\"ImageObject\",\"inLanguage\":\"en-US\",\"@id\":\"https:\\\/\\\/www.lappia.fi\\\/en\\\/#primaryimage\",\"url\":\"https:\\\/\\\/www.lappia.fi\\\/wp-content\\\/uploads\\\/2021\\\/02\\\/etusivun-iso-kuva-1.jpg\",\"contentUrl\":\"https:\\\/\\\/www.lappia.fi\\\/wp-content\\\/uploads\\\/2021\\\/02\\\/etusivun-iso-kuva-1.jpg\",\"width\":1400,\"height\":933,\"caption\":\"young female carpentry apprentice measuring the plywood\"},{\"@type\":\"BreadcrumbList\",\"@id\":\"https:\\\/\\\/www.lappia.fi\\\/en\\\/#breadcrumb\",\"itemListElement\":[{\"@type\":\"ListItem\",\"position\":1,\"name\":\"Home\",\"item\":\"https:\\\/\\\/www.lappia.fi\\\/en\\\/\"},{\"@type\":\"ListItem\",\"position\":2,\"name\":\"Lappia &#8211; Northern Vitality\"}]},{\"@type\":\"WebSite\",\"@id\":\"https:\\\/\\\/www.lappia.fi\\\/#website\",\"url\":\"https:\\\/\\\/www.lappia.fi\\\/\",\"name\":\"lappia.fi\",\"description\":\"\",\"publisher\":{\"@id\":\"https:\\\/\\\/www.lappia.fi\\\/#organization\"},\"potentialAction\":[{\"@type\":\"SearchAction\",\"target\":{\"@type\":\"EntryPoint\",\"urlTemplate\":\"https:\\\/\\\/www.lappia.fi\\\/?s={search_term_string}\"},\"query-input\":{\"@type\":\"PropertyValueSpecification\",\"valueRequired\":true,\"valueName\":\"search_term_string\"}}],\"inLanguage\":\"en-US\"},{\"@type\":\"Organization\",\"@id\":\"https:\\\/\\\/www.lappia.fi\\\/#organization\",\"name\":\"lappia.fi\",\"url\":\"https:\\\/\\\/www.lappia.fi\\\/\",\"logo\":{\"@type\":\"ImageObject\",\"inLanguage\":\"en-US\",\"@id\":\"https:\\\/\\\/www.lappia.fi\\\/#\\\/schema\\\/logo\\\/image\\\/\",\"url\":\"https:\\\/\\\/www.lappia.fi\\\/wp-content\\\/uploads\\\/2020\\\/11\\\/logo-lappia.png\",\"contentUrl\":\"https:\\\/\\\/www.lappia.fi\\\/wp-content\\\/uploads\\\/2020\\\/11\\\/logo-lappia.png\",\"width\":211,\"height\":69,\"caption\":\"lappia.fi\"},\"image\":{\"@id\":\"https:\\\/\\\/www.lappia.fi\\\/#\\\/schema\\\/logo\\\/image\\\/\"}}]}<\/script>\n<!-- \/ Yoast SEO plugin. -->","yoast_head_json":{"title":"Lappia - Northern Vitality - lappia.fi","description":"Kemi-Tornionlaakso Municipal Education and Training Consortium Lappia maintains the Lappia Vocational College and owns Lappia-Education Ltd development service company.","robots":{"index":"index","follow":"follow","max-snippet":"max-snippet:-1","max-image-preview":"max-image-preview:large","max-video-preview":"max-video-preview:-1"},"canonical":"https:\/\/www.lappia.fi\/en\/","og_locale":"en_US","og_type":"article","og_title":"Lappia - Northern Vitality - lappia.fi","og_description":"Kemi-Tornionlaakso Municipal Education and Training Consortium Lappia maintains the Lappia Vocational College and owns Lappia-Education Ltd development service company.","og_url":"https:\/\/www.lappia.fi\/en\/","og_site_name":"lappia.fi","article_modified_time":"2025-06-24T10:27:10+00:00","og_image":[{"width":1400,"height":933,"url":"https:\/\/www.lappia.fi\/wp-content\/uploads\/2021\/02\/etusivun-iso-kuva-1.jpg","type":"image\/jpeg"}],"twitter_card":"summary_large_image","twitter_misc":{"Est. reading time":"1 minute"},"schema":{"@context":"https:\/\/schema.org","@graph":[{"@type":"WebPage","@id":"https:\/\/www.lappia.fi\/en\/","url":"https:\/\/www.lappia.fi\/en\/","name":"Lappia - Northern Vitality - lappia.fi","isPartOf":{"@id":"https:\/\/www.lappia.fi\/#website"},"primaryImageOfPage":{"@id":"https:\/\/www.lappia.fi\/en\/#primaryimage"},"image":{"@id":"https:\/\/www.lappia.fi\/en\/#primaryimage"},"thumbnailUrl":"https:\/\/www.lappia.fi\/wp-content\/uploads\/2021\/02\/etusivun-iso-kuva-1.jpg","datePublished":"2021-04-16T10:35:07+00:00","dateModified":"2025-06-24T10:27:10+00:00","description":"Kemi-Tornionlaakso Municipal Education and Training Consortium Lappia maintains the Lappia Vocational College and owns Lappia-Education Ltd development service company.","breadcrumb":{"@id":"https:\/\/www.lappia.fi\/en\/#breadcrumb"},"inLanguage":"en-US","potentialAction":[{"@type":"ReadAction","target":["https:\/\/www.lappia.fi\/en\/"]}]},{"@type":"ImageObject","inLanguage":"en-US","@id":"https:\/\/www.lappia.fi\/en\/#primaryimage","url":"https:\/\/www.lappia.fi\/wp-content\/uploads\/2021\/02\/etusivun-iso-kuva-1.jpg","contentUrl":"https:\/\/www.lappia.fi\/wp-content\/uploads\/2021\/02\/etusivun-iso-kuva-1.jpg","width":1400,"height":933,"caption":"young female carpentry apprentice measuring the plywood"},{"@type":"BreadcrumbList","@id":"https:\/\/www.lappia.fi\/en\/#breadcrumb","itemListElement":[{"@type":"ListItem","position":1,"name":"Home","item":"https:\/\/www.lappia.fi\/en\/"},{"@type":"ListItem","position":2,"name":"Lappia &#8211; Northern Vitality"}]},{"@type":"WebSite","@id":"https:\/\/www.lappia.fi\/#website","url":"https:\/\/www.lappia.fi\/","name":"lappia.fi","description":"","publisher":{"@id":"https:\/\/www.lappia.fi\/#organization"},"potentialAction":[{"@type":"SearchAction","target":{"@type":"EntryPoint","urlTemplate":"https:\/\/www.lappia.fi\/?s={search_term_string}"},"query-input":{"@type":"PropertyValueSpecification","valueRequired":true,"valueName":"search_term_string"}}],"inLanguage":"en-US"},{"@type":"Organization","@id":"https:\/\/www.lappia.fi\/#organization","name":"lappia.fi","url":"https:\/\/www.lappia.fi\/","logo":{"@type":"ImageObject","inLanguage":"en-US","@id":"https:\/\/www.lappia.fi\/#\/schema\/logo\/image\/","url":"https:\/\/www.lappia.fi\/wp-content\/uploads\/2020\/11\/logo-lappia.png","contentUrl":"https:\/\/www.lappia.fi\/wp-content\/uploads\/2020\/11\/logo-lappia.png","width":211,"height":69,"caption":"lappia.fi"},"image":{"@id":"https:\/\/www.lappia.fi\/#\/schema\/logo\/image\/"}}]}},"_links":{"self":[{"href":"https:\/\/www.lappia.fi\/en\/wp-json\/wp\/v2\/pages\/4904","targetHints":{"allow":["GET"]}}],"collection":[{"href":"https:\/\/www.lappia.fi\/en\/wp-json\/wp\/v2\/pages"}],"about":[{"href":"https:\/\/www.lappia.fi\/en\/wp-json\/wp\/v2\/types\/page"}],"author":[{"embeddable":true,"href":"https:\/\/www.lappia.fi\/en\/wp-json\/wp\/v2\/users\/1"}],"replies":[{"embeddable":true,"href":"https:\/\/www.lappia.fi\/en\/wp-json\/wp\/v2\/comments?post=4904"}],"version-history":[{"count":46,"href":"https:\/\/www.lappia.fi\/en\/wp-json\/wp\/v2\/pages\/4904\/revisions"}],"predecessor-version":[{"id":20006,"href":"https:\/\/www.lappia.fi\/en\/wp-json\/wp\/v2\/pages\/4904\/revisions\/20006"}],"wp:featuredmedia":[{"embeddable":true,"href":"https:\/\/www.lappia.fi\/en\/wp-json\/wp\/v2\/media\/3732"}],"wp:attachment":[{"href":"https:\/\/www.lappia.fi\/en\/wp-json\/wp\/v2\/media?parent=4904"}],"wp:term":[{"taxonomy":"author","embeddable":true,"href":"https:\/\/www.lappia.fi\/en\/wp-json\/wp\/v2\/ppma_author?post=4904"}],"curies":[{"name":"wp","href":"https:\/\/api.w.org\/{rel}","templated":true}]}}